{"id":738,"date":"2026-02-27T19:14:46","date_gmt":"2026-02-28T00:14:46","guid":{"rendered":"https:\/\/muselab.digital\/laura-maria\/?page_id=738"},"modified":"2026-04-11T10:15:16","modified_gmt":"2026-04-11T15:15:16","slug":"talleres-empresariales","status":"publish","type":"page","link":"https:\/\/muselab.digital\/laura-maria\/talleres-empresariales\/","title":{"rendered":"Talleres Empresariales"},"content":{"rendered":"\t\t<div data-elementor-type=\"wp-page\" data-elementor-id=\"738\" class=\"elementor elementor-738\" data-elementor-settings=\"{&quot;ha_cmc_init_switcher&quot;:&quot;no&quot;}\" data-elementor-post-type=\"page\">\n\t\t\t\t<div class=\"elementor-element elementor-element-de128df e-flex e-con-boxed elementor-invisible e-con e-parent\" data-id=\"de128df\" data-element_type=\"container\" data-e-type=\"container\" data-settings=\"{&quot;background_background&quot;:&quot;classic&quot;,&quot;animation&quot;:&quot;fadeIn&quot;,&quot;_ha_eqh_enable&quot;:false}\">\n\t\t\t\t\t<div class=\"e-con-inner\">\n\t\t<div class=\"elementor-element elementor-element-7a83d5c6 e-con-full e-flex e-con e-child\" data-id=\"7a83d5c6\" data-element_type=\"container\" data-e-type=\"container\" data-settings=\"{&quot;_ha_eqh_enable&quot;:false}\">\n\t\t\t\t<div class=\"elementor-element elementor-element-939a8b elementor-widget elementor-widget-image\" data-id=\"939a8b\" data-element_type=\"widget\" data-e-type=\"widget\" data-widget_type=\"image.default\">\n\t\t\t\t\t\t\t\t\t\t\t\t\t\t\t<img fetchpriority=\"high\" decoding=\"async\" width=\"800\" height=\"777\" src=\"https:\/\/muselab.digital\/laura-maria\/wp-content\/uploads\/2026\/03\/laura-maria-ramirez-8.png\" class=\"attachment-full size-full wp-image-1102\" alt=\"\" srcset=\"https:\/\/muselab.digital\/laura-maria\/wp-content\/uploads\/2026\/03\/laura-maria-ramirez-8.png 800w, https:\/\/muselab.digital\/laura-maria\/wp-content\/uploads\/2026\/03\/laura-maria-ramirez-8-300x291.png 300w, https:\/\/muselab.digital\/laura-maria\/wp-content\/uploads\/2026\/03\/laura-maria-ramirez-8-768x746.png 768w\" sizes=\"(max-width: 800px) 100vw, 800px\" \/>\t\t\t\t\t\t\t\t\t\t\t\t\t\t\t<\/div>\n\t\t\t\t<\/div>\n\t\t<div class=\"elementor-element elementor-element-13d3b393 e-con-full e-flex e-con e-child\" data-id=\"13d3b393\" data-element_type=\"container\" data-e-type=\"container\" data-settings=\"{&quot;_ha_eqh_enable&quot;:false}\">\n\t\t\t\t<div class=\"elementor-element elementor-element-5dea60f6 elementor-widget-tablet__width-initial elementor-invisible elementor-widget elementor-widget-heading\" data-id=\"5dea60f6\" data-element_type=\"widget\" data-e-type=\"widget\" data-settings=\"{&quot;_animation&quot;:&quot;fadeInUp&quot;,&quot;_animation_delay&quot;:200}\" data-widget_type=\"heading.default\">\n\t\t\t\t\t<h1 class=\"elementor-heading-title elementor-size-default\">Talleres Empresariales<\/h1>\t\t\t\t<\/div>\n\t\t\t\t<div class=\"elementor-element elementor-element-04f4142 elementor-invisible elementor-widget elementor-widget-text-editor\" data-id=\"04f4142\" data-element_type=\"widget\" data-e-type=\"widget\" data-settings=\"{&quot;_animation&quot;:&quot;fadeIn&quot;,&quot;_animation_delay&quot;:250}\" data-widget_type=\"text-editor.default\">\n\t\t\t\t\t\t\t\t\t<p><strong><em>Equipos emocionalmente fuertes, empresas que prosperan.<\/em><\/strong><\/p><p>Llevamos la psicolog\u00eda al mundo corporativo con talleres pr\u00e1cticos y transformadores, dise\u00f1ados para fortalecer el bienestar emocional, la comunicaci\u00f3n y el liderazgo dentro de tu organizaci\u00f3n.<\/p>\t\t\t\t\t\t\t\t<\/div>\n\t\t\t\t<\/div>\n\t\t\t\t\t<\/div>\n\t\t\t\t<\/div>\n\t\t<div class=\"elementor-element elementor-element-70773d92 e-flex e-con-boxed elementor-invisible e-con e-parent\" data-id=\"70773d92\" data-element_type=\"container\" data-e-type=\"container\" data-settings=\"{&quot;background_background&quot;:&quot;classic&quot;,&quot;animation&quot;:&quot;fadeIn&quot;,&quot;_ha_eqh_enable&quot;:false}\">\n\t\t\t\t\t<div class=\"e-con-inner\">\n\t\t<div class=\"elementor-element elementor-element-62b7e882 e-con-full e-flex e-con e-child\" data-id=\"62b7e882\" data-element_type=\"container\" data-e-type=\"container\" data-settings=\"{&quot;_ha_eqh_enable&quot;:false}\">\n\t\t\t\t<div class=\"elementor-element elementor-element-17d34430 elementor-invisible elementor-widget elementor-widget-heading\" data-id=\"17d34430\" data-element_type=\"widget\" data-e-type=\"widget\" data-settings=\"{&quot;_animation&quot;:&quot;fadeIn&quot;}\" data-widget_type=\"heading.default\">\n\t\t\t\t\t<h2 class=\"elementor-heading-title elementor-size-default\">\u00bfQu\u00e9 son nuestros talleres empresariales?<\/h2>\t\t\t\t<\/div>\n\t\t\t\t<div class=\"elementor-element elementor-element-6ebe91f2 elementor-invisible elementor-widget elementor-widget-text-editor\" data-id=\"6ebe91f2\" data-element_type=\"widget\" data-e-type=\"widget\" data-settings=\"{&quot;_animation&quot;:&quot;fadeIn&quot;}\" data-widget_type=\"text-editor.default\">\n\t\t\t\t\t\t\t\t\t<p>Son experiencias formativas vivenciales, facilitadas por la Dra. Laura Mar\u00eda Ram\u00edrez y su equipo, que abordan temas clave de salud mental y bienestar emocional aplicados al entorno laboral. Cada taller se dise\u00f1a a la medida de las necesidades de tu empresa, combinando evidencia cient\u00edfica con din\u00e1micas participativas que generan impacto real.<\/p>\t\t\t\t\t\t\t\t<\/div>\n\t\t\t\t<\/div>\n\t\t<div class=\"elementor-element elementor-element-372325ac e-con-full e-flex e-con e-child\" data-id=\"372325ac\" data-element_type=\"container\" data-e-type=\"container\" data-settings=\"{&quot;_ha_eqh_enable&quot;:false}\">\n\t\t\t\t<div class=\"elementor-element elementor-element-3de18f9e elementor-widget elementor-widget-image\" data-id=\"3de18f9e\" data-element_type=\"widget\" data-e-type=\"widget\" data-widget_type=\"image.default\">\n\t\t\t\t\t\t\t\t\t\t\t\t\t\t\t<img decoding=\"async\" width=\"800\" height=\"534\" src=\"https:\/\/muselab.digital\/laura-maria\/wp-content\/uploads\/2026\/02\/Blog02-1024x683.jpg\" class=\"attachment-large size-large wp-image-51\" alt=\"\" srcset=\"https:\/\/muselab.digital\/laura-maria\/wp-content\/uploads\/2026\/02\/Blog02-1024x683.jpg 1024w, https:\/\/muselab.digital\/laura-maria\/wp-content\/uploads\/2026\/02\/Blog02-300x200.jpg 300w, https:\/\/muselab.digital\/laura-maria\/wp-content\/uploads\/2026\/02\/Blog02-768x512.jpg 768w, https:\/\/muselab.digital\/laura-maria\/wp-content\/uploads\/2026\/02\/Blog02.jpg 1500w\" sizes=\"(max-width: 800px) 100vw, 800px\" \/>\t\t\t\t\t\t\t\t\t\t\t\t\t\t\t<\/div>\n\t\t\t\t<\/div>\n\t\t\t\t\t<\/div>\n\t\t\t\t<\/div>\n\t\t<div class=\"elementor-element elementor-element-a983942 e-flex e-con-boxed elementor-invisible e-con e-parent\" data-id=\"a983942\" data-element_type=\"container\" data-e-type=\"container\" data-settings=\"{&quot;background_background&quot;:&quot;classic&quot;,&quot;animation&quot;:&quot;fadeIn&quot;,&quot;_ha_eqh_enable&quot;:false}\">\n\t\t\t\t\t<div class=\"e-con-inner\">\n\t\t<div class=\"elementor-element elementor-element-763ab40 e-con-full e-flex e-con e-child\" data-id=\"763ab40\" data-element_type=\"container\" data-e-type=\"container\" data-settings=\"{&quot;_ha_eqh_enable&quot;:false}\">\n\t\t\t\t<div class=\"elementor-element elementor-element-8028b4d elementor-widget elementor-widget-image\" data-id=\"8028b4d\" data-element_type=\"widget\" data-e-type=\"widget\" data-widget_type=\"image.default\">\n\t\t\t\t\t\t\t\t\t\t\t\t\t\t\t<img decoding=\"async\" width=\"800\" height=\"534\" src=\"https:\/\/muselab.digital\/laura-maria\/wp-content\/uploads\/2026\/02\/Blog02-1024x683.jpg\" class=\"attachment-large size-large wp-image-51\" alt=\"\" srcset=\"https:\/\/muselab.digital\/laura-maria\/wp-content\/uploads\/2026\/02\/Blog02-1024x683.jpg 1024w, https:\/\/muselab.digital\/laura-maria\/wp-content\/uploads\/2026\/02\/Blog02-300x200.jpg 300w, https:\/\/muselab.digital\/laura-maria\/wp-content\/uploads\/2026\/02\/Blog02-768x512.jpg 768w, https:\/\/muselab.digital\/laura-maria\/wp-content\/uploads\/2026\/02\/Blog02.jpg 1500w\" sizes=\"(max-width: 800px) 100vw, 800px\" \/>\t\t\t\t\t\t\t\t\t\t\t\t\t\t\t<\/div>\n\t\t\t\t<\/div>\n\t\t<div class=\"elementor-element elementor-element-f6d7d62 e-con-full e-flex e-con e-child\" data-id=\"f6d7d62\" data-element_type=\"container\" data-e-type=\"container\" data-settings=\"{&quot;_ha_eqh_enable&quot;:false}\">\n\t\t\t\t<div class=\"elementor-element elementor-element-02d1dea elementor-invisible elementor-widget elementor-widget-heading\" data-id=\"02d1dea\" data-element_type=\"widget\" data-e-type=\"widget\" data-settings=\"{&quot;_animation&quot;:&quot;fadeIn&quot;}\" data-widget_type=\"heading.default\">\n\t\t\t\t\t<h2 class=\"elementor-heading-title elementor-size-default\">Tem\u00e1ticas que abordamos<\/h2>\t\t\t\t<\/div>\n\t\t\t\t<div class=\"elementor-element elementor-element-a16754f elementor-icon-list--layout-traditional elementor-list-item-link-full_width elementor-widget elementor-widget-icon-list\" data-id=\"a16754f\" data-element_type=\"widget\" data-e-type=\"widget\" data-widget_type=\"icon-list.default\">\n\t\t\t\t\t\t\t<ul class=\"elementor-icon-list-items\">\n\t\t\t\t\t\t\t<li class=\"elementor-icon-list-item\">\n\t\t\t\t\t\t\t\t\t\t\t<span class=\"elementor-icon-list-icon\">\n\t\t\t\t\t\t\t<svg aria-hidden=\"true\" class=\"e-font-icon-svg e-fas-check-circle\" viewBox=\"0 0 512 512\" xmlns=\"http:\/\/www.w3.org\/2000\/svg\"><path d=\"M504 256c0 136.967-111.033 248-248 248S8 392.967 8 256 119.033 8 256 8s248 111.033 248 248zM227.314 387.314l184-184c6.248-6.248 6.248-16.379 0-22.627l-22.627-22.627c-6.248-6.249-16.379-6.249-22.628 0L216 308.118l-70.059-70.059c-6.248-6.248-16.379-6.248-22.628 0l-22.627 22.627c-6.248 6.248-6.248 16.379 0 22.627l104 104c6.249 6.249 16.379 6.249 22.628.001z\"><\/path><\/svg>\t\t\t\t\t\t<\/span>\n\t\t\t\t\t\t\t\t\t\t<span class=\"elementor-icon-list-text\">Gesti\u00f3n emocional y manejo del estr\u00e9s en el trabajo.<\/span>\n\t\t\t\t\t\t\t\t\t<\/li>\n\t\t\t\t\t\t\t\t<li class=\"elementor-icon-list-item\">\n\t\t\t\t\t\t\t\t\t\t\t<span class=\"elementor-icon-list-icon\">\n\t\t\t\t\t\t\t<svg aria-hidden=\"true\" class=\"e-font-icon-svg e-fas-check-circle\" viewBox=\"0 0 512 512\" xmlns=\"http:\/\/www.w3.org\/2000\/svg\"><path d=\"M504 256c0 136.967-111.033 248-248 248S8 392.967 8 256 119.033 8 256 8s248 111.033 248 248zM227.314 387.314l184-184c6.248-6.248 6.248-16.379 0-22.627l-22.627-22.627c-6.248-6.249-16.379-6.249-22.628 0L216 308.118l-70.059-70.059c-6.248-6.248-16.379-6.248-22.628 0l-22.627 22.627c-6.248 6.248-6.248 16.379 0 22.627l104 104c6.249 6.249 16.379 6.249 22.628.001z\"><\/path><\/svg>\t\t\t\t\t\t<\/span>\n\t\t\t\t\t\t\t\t\t\t<span class=\"elementor-icon-list-text\">Comunicaci\u00f3n asertiva y resoluci\u00f3n de conflictos.<\/span>\n\t\t\t\t\t\t\t\t\t<\/li>\n\t\t\t\t\t\t\t\t<li class=\"elementor-icon-list-item\">\n\t\t\t\t\t\t\t\t\t\t\t<span class=\"elementor-icon-list-icon\">\n\t\t\t\t\t\t\t<svg aria-hidden=\"true\" class=\"e-font-icon-svg e-fas-check-circle\" viewBox=\"0 0 512 512\" xmlns=\"http:\/\/www.w3.org\/2000\/svg\"><path d=\"M504 256c0 136.967-111.033 248-248 248S8 392.967 8 256 119.033 8 256 8s248 111.033 248 248zM227.314 387.314l184-184c6.248-6.248 6.248-16.379 0-22.627l-22.627-22.627c-6.248-6.249-16.379-6.249-22.628 0L216 308.118l-70.059-70.059c-6.248-6.248-16.379-6.248-22.628 0l-22.627 22.627c-6.248 6.248-6.248 16.379 0 22.627l104 104c6.249 6.249 16.379 6.249 22.628.001z\"><\/path><\/svg>\t\t\t\t\t\t<\/span>\n\t\t\t\t\t\t\t\t\t\t<span class=\"elementor-icon-list-text\">Prevenci\u00f3n del burnout y promoci\u00f3n del autocuidado.<\/span>\n\t\t\t\t\t\t\t\t\t<\/li>\n\t\t\t\t\t\t\t\t<li class=\"elementor-icon-list-item\">\n\t\t\t\t\t\t\t\t\t\t\t<span class=\"elementor-icon-list-icon\">\n\t\t\t\t\t\t\t<svg aria-hidden=\"true\" class=\"e-font-icon-svg e-fas-check-circle\" viewBox=\"0 0 512 512\" xmlns=\"http:\/\/www.w3.org\/2000\/svg\"><path d=\"M504 256c0 136.967-111.033 248-248 248S8 392.967 8 256 119.033 8 256 8s248 111.033 248 248zM227.314 387.314l184-184c6.248-6.248 6.248-16.379 0-22.627l-22.627-22.627c-6.248-6.249-16.379-6.249-22.628 0L216 308.118l-70.059-70.059c-6.248-6.248-16.379-6.248-22.628 0l-22.627 22.627c-6.248 6.248-6.248 16.379 0 22.627l104 104c6.249 6.249 16.379 6.249 22.628.001z\"><\/path><\/svg>\t\t\t\t\t\t<\/span>\n\t\t\t\t\t\t\t\t\t\t<span class=\"elementor-icon-list-text\">Liderazgo consciente y empat\u00eda organizacional.<\/span>\n\t\t\t\t\t\t\t\t\t<\/li>\n\t\t\t\t\t\t\t\t<li class=\"elementor-icon-list-item\">\n\t\t\t\t\t\t\t\t\t\t\t<span class=\"elementor-icon-list-icon\">\n\t\t\t\t\t\t\t<svg aria-hidden=\"true\" class=\"e-font-icon-svg e-fas-check-circle\" viewBox=\"0 0 512 512\" xmlns=\"http:\/\/www.w3.org\/2000\/svg\"><path d=\"M504 256c0 136.967-111.033 248-248 248S8 392.967 8 256 119.033 8 256 8s248 111.033 248 248zM227.314 387.314l184-184c6.248-6.248 6.248-16.379 0-22.627l-22.627-22.627c-6.248-6.249-16.379-6.249-22.628 0L216 308.118l-70.059-70.059c-6.248-6.248-16.379-6.248-22.628 0l-22.627 22.627c-6.248 6.248-6.248 16.379 0 22.627l104 104c6.249 6.249 16.379 6.249 22.628.001z\"><\/path><\/svg>\t\t\t\t\t\t<\/span>\n\t\t\t\t\t\t\t\t\t\t<span class=\"elementor-icon-list-text\">Construcci\u00f3n de v\u00ednculos laborales sanos y colaborativos.<\/span>\n\t\t\t\t\t\t\t\t\t<\/li>\n\t\t\t\t\t\t\t\t<li class=\"elementor-icon-list-item\">\n\t\t\t\t\t\t\t\t\t\t\t<span class=\"elementor-icon-list-icon\">\n\t\t\t\t\t\t\t<svg aria-hidden=\"true\" class=\"e-font-icon-svg e-fas-check-circle\" viewBox=\"0 0 512 512\" xmlns=\"http:\/\/www.w3.org\/2000\/svg\"><path d=\"M504 256c0 136.967-111.033 248-248 248S8 392.967 8 256 119.033 8 256 8s248 111.033 248 248zM227.314 387.314l184-184c6.248-6.248 6.248-16.379 0-22.627l-22.627-22.627c-6.248-6.249-16.379-6.249-22.628 0L216 308.118l-70.059-70.059c-6.248-6.248-16.379-6.248-22.628 0l-22.627 22.627c-6.248 6.248-6.248 16.379 0 22.627l104 104c6.249 6.249 16.379 6.249 22.628.001z\"><\/path><\/svg>\t\t\t\t\t\t<\/span>\n\t\t\t\t\t\t\t\t\t\t<span class=\"elementor-icon-list-text\">Independencia emocional y toma de decisiones.<\/span>\n\t\t\t\t\t\t\t\t\t<\/li>\n\t\t\t\t\t\t<\/ul>\n\t\t\t\t\t\t<\/div>\n\t\t\t\t<\/div>\n\t\t\t\t\t<\/div>\n\t\t\t\t<\/div>\n\t\t<div class=\"elementor-element elementor-element-2de00dcc e-flex e-con-boxed elementor-invisible e-con e-parent\" data-id=\"2de00dcc\" data-element_type=\"container\" data-e-type=\"container\" data-settings=\"{&quot;animation&quot;:&quot;fadeIn&quot;,&quot;_ha_eqh_enable&quot;:false}\">\n\t\t\t\t\t<div class=\"e-con-inner\">\n\t\t<div class=\"elementor-element elementor-element-c799399 e-con-full e-flex e-con e-child\" data-id=\"c799399\" data-element_type=\"container\" data-e-type=\"container\" data-settings=\"{&quot;_ha_eqh_enable&quot;:false}\">\n\t\t\t\t<div class=\"elementor-element elementor-element-4fe36e4 elementor-widget elementor-widget-heading\" data-id=\"4fe36e4\" data-element_type=\"widget\" data-e-type=\"widget\" data-widget_type=\"heading.default\">\n\t\t\t\t\t<h2 class=\"elementor-heading-title elementor-size-default\">\u00bfPor qu\u00e9 invertir en el bienestar emocional de tu equipo?<\/h2>\t\t\t\t<\/div>\n\t\t\t\t<div class=\"elementor-element elementor-element-3b127bc8 elementor-widget__width-initial elementor-invisible elementor-widget elementor-widget-text-editor\" data-id=\"3b127bc8\" data-element_type=\"widget\" data-e-type=\"widget\" data-settings=\"{&quot;_animation&quot;:&quot;fadeIn&quot;}\" data-widget_type=\"text-editor.default\">\n\t\t\t\t\t\t\t\t\t<p>Porque un equipo que se siente bien, trabaja mejor. Nuestros talleres no solo aportan herramientas pr\u00e1cticas para el d\u00eda a d\u00eda laboral, sino que fortalecen la cultura organizacional, mejoran el clima interno y reducen el ausentismo y la rotaci\u00f3n. Invertir en salud mental es invertir en productividad, compromiso y retenci\u00f3n de talento.<\/p>\t\t\t\t\t\t\t\t<\/div>\n\t\t<div class=\"elementor-element elementor-element-0d072a6 e-grid e-con-full e-con e-child\" data-id=\"0d072a6\" data-element_type=\"container\" data-e-type=\"container\" data-settings=\"{&quot;_ha_eqh_enable&quot;:false}\">\n\t\t<div class=\"elementor-element elementor-element-ef08b4a e-con-full e-flex e-con e-child\" data-id=\"ef08b4a\" data-element_type=\"container\" data-e-type=\"container\" data-settings=\"{&quot;_ha_eqh_enable&quot;:false}\">\n\t\t\t\t<div class=\"elementor-element elementor-element-92f108d elementor-widget elementor-widget-image\" data-id=\"92f108d\" data-element_type=\"widget\" data-e-type=\"widget\" data-widget_type=\"image.default\">\n\t\t\t\t\t\t\t\t\t\t\t\t\t\t\t<img decoding=\"async\" width=\"800\" height=\"534\" src=\"https:\/\/muselab.digital\/laura-maria\/wp-content\/uploads\/2026\/02\/Blog04-1024x683.jpg\" class=\"attachment-large size-large wp-image-84\" alt=\"\" srcset=\"https:\/\/muselab.digital\/laura-maria\/wp-content\/uploads\/2026\/02\/Blog04-1024x683.jpg 1024w, https:\/\/muselab.digital\/laura-maria\/wp-content\/uploads\/2026\/02\/Blog04-300x200.jpg 300w, https:\/\/muselab.digital\/laura-maria\/wp-content\/uploads\/2026\/02\/Blog04-768x513.jpg 768w, https:\/\/muselab.digital\/laura-maria\/wp-content\/uploads\/2026\/02\/Blog04.jpg 1500w\" sizes=\"(max-width: 800px) 100vw, 800px\" \/>\t\t\t\t\t\t\t\t\t\t\t\t\t\t\t<\/div>\n\t\t<div class=\"elementor-element elementor-element-920fdcd e-con-full e-flex e-con e-child\" data-id=\"920fdcd\" data-element_type=\"container\" data-e-type=\"container\" data-settings=\"{&quot;background_background&quot;:&quot;classic&quot;,&quot;_ha_eqh_enable&quot;:false}\">\n\t\t\t\t<div class=\"elementor-element elementor-element-90fc212 elementor-invisible elementor-widget elementor-widget-heading\" data-id=\"90fc212\" data-element_type=\"widget\" data-e-type=\"widget\" data-settings=\"{&quot;_animation&quot;:&quot;fadeIn&quot;}\" data-widget_type=\"heading.default\">\n\t\t\t\t\t<h3 class=\"elementor-heading-title elementor-size-default\">Presencial o virtual, seg\u00fan las necesidades de tu organizaci\u00f3n.<\/h3>\t\t\t\t<\/div>\n\t\t\t\t<\/div>\n\t\t\t\t<\/div>\n\t\t<div class=\"elementor-element elementor-element-fa732b5 e-con-full e-flex e-con e-child\" data-id=\"fa732b5\" data-element_type=\"container\" data-e-type=\"container\" data-settings=\"{&quot;_ha_eqh_enable&quot;:false}\">\n\t\t\t\t<div class=\"elementor-element elementor-element-44c423e elementor-widget elementor-widget-image\" data-id=\"44c423e\" data-element_type=\"widget\" data-e-type=\"widget\" data-widget_type=\"image.default\">\n\t\t\t\t\t\t\t\t\t\t\t\t\t\t\t<img loading=\"lazy\" decoding=\"async\" width=\"800\" height=\"534\" src=\"https:\/\/muselab.digital\/laura-maria\/wp-content\/uploads\/2026\/02\/Blog06-1024x683.jpg\" class=\"attachment-large size-large wp-image-67\" alt=\"\" srcset=\"https:\/\/muselab.digital\/laura-maria\/wp-content\/uploads\/2026\/02\/Blog06-1024x683.jpg 1024w, https:\/\/muselab.digital\/laura-maria\/wp-content\/uploads\/2026\/02\/Blog06-300x200.jpg 300w, https:\/\/muselab.digital\/laura-maria\/wp-content\/uploads\/2026\/02\/Blog06-768x512.jpg 768w, https:\/\/muselab.digital\/laura-maria\/wp-content\/uploads\/2026\/02\/Blog06.jpg 1500w\" sizes=\"(max-width: 800px) 100vw, 800px\" \/>\t\t\t\t\t\t\t\t\t\t\t\t\t\t\t<\/div>\n\t\t<div class=\"elementor-element elementor-element-b125fcc e-con-full e-flex e-con e-child\" data-id=\"b125fcc\" data-element_type=\"container\" data-e-type=\"container\" data-settings=\"{&quot;background_background&quot;:&quot;classic&quot;,&quot;_ha_eqh_enable&quot;:false}\">\n\t\t\t\t<div class=\"elementor-element elementor-element-ad0572b elementor-invisible elementor-widget elementor-widget-heading\" data-id=\"ad0572b\" data-element_type=\"widget\" data-e-type=\"widget\" data-settings=\"{&quot;_animation&quot;:&quot;fadeIn&quot;}\" data-widget_type=\"heading.default\">\n\t\t\t\t\t<h3 class=\"elementor-heading-title elementor-size-default\">Formatos de 1 a 4 horas, adaptables a la agenda corporativa.\n<\/h3>\t\t\t\t<\/div>\n\t\t\t\t<\/div>\n\t\t\t\t<\/div>\n\t\t<div class=\"elementor-element elementor-element-955598c e-con-full e-flex e-con e-child\" data-id=\"955598c\" data-element_type=\"container\" data-e-type=\"container\" data-settings=\"{&quot;_ha_eqh_enable&quot;:false}\">\n\t\t\t\t<div class=\"elementor-element elementor-element-b44f020 elementor-widget elementor-widget-image\" data-id=\"b44f020\" data-element_type=\"widget\" data-e-type=\"widget\" data-widget_type=\"image.default\">\n\t\t\t\t\t\t\t\t\t\t\t\t\t\t\t<img loading=\"lazy\" decoding=\"async\" width=\"800\" height=\"534\" src=\"https:\/\/muselab.digital\/laura-maria\/wp-content\/uploads\/2026\/02\/annajpg-024-1024x683.jpg\" class=\"attachment-large size-large wp-image-61\" alt=\"\" srcset=\"https:\/\/muselab.digital\/laura-maria\/wp-content\/uploads\/2026\/02\/annajpg-024-1024x683.jpg 1024w, https:\/\/muselab.digital\/laura-maria\/wp-content\/uploads\/2026\/02\/annajpg-024-300x200.jpg 300w, https:\/\/muselab.digital\/laura-maria\/wp-content\/uploads\/2026\/02\/annajpg-024-768x512.jpg 768w, https:\/\/muselab.digital\/laura-maria\/wp-content\/uploads\/2026\/02\/annajpg-024.jpg 1500w\" sizes=\"(max-width: 800px) 100vw, 800px\" \/>\t\t\t\t\t\t\t\t\t\t\t\t\t\t\t<\/div>\n\t\t<div class=\"elementor-element elementor-element-69a1688 e-con-full e-flex e-con e-child\" data-id=\"69a1688\" data-element_type=\"container\" data-e-type=\"container\" data-settings=\"{&quot;background_background&quot;:&quot;classic&quot;,&quot;_ha_eqh_enable&quot;:false}\">\n\t\t\t\t<div class=\"elementor-element elementor-element-f47d862 elementor-invisible elementor-widget elementor-widget-heading\" data-id=\"f47d862\" data-element_type=\"widget\" data-e-type=\"widget\" data-settings=\"{&quot;_animation&quot;:&quot;fadeIn&quot;}\" data-widget_type=\"heading.default\">\n\t\t\t\t\t<h3 class=\"elementor-heading-title elementor-size-default\">Grupos peque\u00f1os o grandes: desde equipos de trabajo hasta convenciones.<\/h3>\t\t\t\t<\/div>\n\t\t\t\t<\/div>\n\t\t\t\t<\/div>\n\t\t\t\t<\/div>\n\t\t\t\t<\/div>\n\t\t\t\t\t<\/div>\n\t\t\t\t<\/div>\n\t\t<div class=\"elementor-element elementor-element-587d4c3 e-flex e-con-boxed elementor-invisible e-con e-parent\" data-id=\"587d4c3\" data-element_type=\"container\" data-e-type=\"container\" data-settings=\"{&quot;background_background&quot;:&quot;classic&quot;,&quot;animation&quot;:&quot;fadeIn&quot;,&quot;_ha_eqh_enable&quot;:false}\">\n\t\t\t\t\t<div class=\"e-con-inner\">\n\t\t<div class=\"elementor-element elementor-element-0cd14e6 e-con-full e-flex e-con e-child\" data-id=\"0cd14e6\" data-element_type=\"container\" data-e-type=\"container\" data-settings=\"{&quot;_ha_eqh_enable&quot;:false}\">\n\t\t\t\t<div class=\"elementor-element elementor-element-1100843 elementor-widget elementor-widget-image\" data-id=\"1100843\" data-element_type=\"widget\" data-e-type=\"widget\" data-widget_type=\"image.default\">\n\t\t\t\t\t\t\t\t\t\t\t\t\t\t\t<img loading=\"lazy\" decoding=\"async\" width=\"800\" height=\"947\" src=\"https:\/\/muselab.digital\/laura-maria\/wp-content\/uploads\/2026\/03\/laura-maria-ramirez-4.png\" class=\"attachment-large size-large wp-image-1078\" alt=\"\" srcset=\"https:\/\/muselab.digital\/laura-maria\/wp-content\/uploads\/2026\/03\/laura-maria-ramirez-4.png 800w, https:\/\/muselab.digital\/laura-maria\/wp-content\/uploads\/2026\/03\/laura-maria-ramirez-4-253x300.png 253w, https:\/\/muselab.digital\/laura-maria\/wp-content\/uploads\/2026\/03\/laura-maria-ramirez-4-768x909.png 768w\" sizes=\"(max-width: 800px) 100vw, 800px\" \/>\t\t\t\t\t\t\t\t\t\t\t\t\t\t\t<\/div>\n\t\t\t\t<\/div>\n\t\t<div class=\"elementor-element elementor-element-7ff5772 e-con-full e-flex e-con e-child\" data-id=\"7ff5772\" data-element_type=\"container\" data-e-type=\"container\" data-settings=\"{&quot;_ha_eqh_enable&quot;:false}\">\n\t\t<div class=\"elementor-element elementor-element-ea1d47a e-flex e-con-boxed e-con e-child\" data-id=\"ea1d47a\" data-element_type=\"container\" data-e-type=\"container\" data-settings=\"{&quot;background_background&quot;:&quot;classic&quot;,&quot;_ha_eqh_enable&quot;:false}\">\n\t\t\t\t\t<div class=\"e-con-inner\">\n\t\t<div class=\"elementor-element elementor-element-11dbfe4 e-con-full e-flex e-con e-child\" data-id=\"11dbfe4\" data-element_type=\"container\" data-e-type=\"container\" data-settings=\"{&quot;_ha_eqh_enable&quot;:false}\">\n\t\t\t\t<div class=\"elementor-element elementor-element-8b436cc elementor-widget elementor-widget-text-editor\" data-id=\"8b436cc\" data-element_type=\"widget\" data-e-type=\"widget\" data-widget_type=\"text-editor.default\">\n\t\t\t\t\t\t\t\t\t<p><em>Transforma el bienestar de tu equipo con un taller a la medida<\/em><\/p>\t\t\t\t\t\t\t\t<\/div>\n\t\t\t\t<div class=\"elementor-element elementor-element-de758d1 elementor-align-center elementor-widget elementor-widget-button\" data-id=\"de758d1\" data-element_type=\"widget\" data-e-type=\"widget\" data-widget_type=\"button.default\">\n\t\t\t\t\t\t\t\t\t\t<a class=\"elementor-button elementor-button-link elementor-size-sm\" href=\"https:\/\/api.whatsapp.com\/send\/?phone=573152002595&#038;text=Hola+%2ALaura+Mar%C3%ADa+Ram%C3%ADrez%2A.+Quiero+m%C3%A1s+informaci%C3%B3n+sobre+Laura+Mar%C3%ADa+Ram%C3%ADrez+https%3A%2F%2Fmuselab.digital%2Flaura-maria%2F&#038;type=phone_number&#038;app_absent=0\" target=\"_blank\">\n\t\t\t\t\t\t<span class=\"elementor-button-content-wrapper\">\n\t\t\t\t\t\t\t\t\t<span class=\"elementor-button-text\">Agenda tu cita <\/span>\n\t\t\t\t\t<\/span>\n\t\t\t\t\t<\/a>\n\t\t\t\t\t\t\t\t<\/div>\n\t\t\t\t<\/div>\n\t\t\t\t\t<\/div>\n\t\t\t\t<\/div>\n\t\t\t\t<\/div>\n\t\t\t\t\t<\/div>\n\t\t\t\t<\/div>\n\t\t\t\t<\/div>\n\t\t","protected":false},"excerpt":{"rendered":"<p>Talleres Empresariales Equipos emocionalmente fuertes, empresas que prosperan. Llevamos la psicolog\u00eda al mundo corporativo con talleres pr\u00e1cticos y transformadores, dise\u00f1ados para fortalecer el bienestar emocional, la comunicaci\u00f3n y el liderazgo dentro de tu organizaci\u00f3n. \u00bfQu\u00e9 son nuestros talleres empresariales? Son experiencias formativas vivenciales, facilitadas por la Dra. Laura Mar\u00eda Ram\u00edrez y su equipo, que abordan [&hellip;]<\/p>\n","protected":false},"author":1,"featured_media":0,"parent":0,"menu_order":0,"comment_status":"closed","ping_status":"closed","template":"elementor_header_footer","meta":{"_joinchat":[],"footnotes":""},"class_list":["post-738","page","type-page","status-publish","hentry"],"_links":{"self":[{"href":"https:\/\/muselab.digital\/laura-maria\/wp-json\/wp\/v2\/pages\/738","targetHints":{"allow":["GET"]}}],"collection":[{"href":"https:\/\/muselab.digital\/laura-maria\/wp-json\/wp\/v2\/pages"}],"about":[{"href":"https:\/\/muselab.digital\/laura-maria\/wp-json\/wp\/v2\/types\/page"}],"author":[{"embeddable":true,"href":"https:\/\/muselab.digital\/laura-maria\/wp-json\/wp\/v2\/users\/1"}],"replies":[{"embeddable":true,"href":"https:\/\/muselab.digital\/laura-maria\/wp-json\/wp\/v2\/comments?post=738"}],"version-history":[{"count":40,"href":"https:\/\/muselab.digital\/laura-maria\/wp-json\/wp\/v2\/pages\/738\/revisions"}],"predecessor-version":[{"id":1171,"href":"https:\/\/muselab.digital\/laura-maria\/wp-json\/wp\/v2\/pages\/738\/revisions\/1171"}],"wp:attachment":[{"href":"https:\/\/muselab.digital\/laura-maria\/wp-json\/wp\/v2\/media?parent=738"}],"curies":[{"name":"wp","href":"https:\/\/api.w.org\/{rel}","templated":true}]}}