{"id":614,"date":"2026-02-27T11:10:23","date_gmt":"2026-02-27T16:10:23","guid":{"rendered":"https:\/\/muselab.digital\/laura-maria\/?page_id=614"},"modified":"2026-03-21T19:34:47","modified_gmt":"2026-03-22T00:34:47","slug":"dra-olga-yepes","status":"publish","type":"page","link":"https:\/\/muselab.digital\/laura-maria\/conocenos\/dra-olga-yepes\/","title":{"rendered":"Dra Olga Yepes"},"content":{"rendered":"\t\t<div data-elementor-type=\"wp-page\" data-elementor-id=\"614\" class=\"elementor elementor-614\" data-elementor-settings=\"{&quot;ha_cmc_init_switcher&quot;:&quot;no&quot;}\" data-elementor-post-type=\"page\">\n\t\t\t\t<div class=\"elementor-element elementor-element-16cf052 e-flex e-con-boxed e-con e-parent\" data-id=\"16cf052\" data-element_type=\"container\" data-e-type=\"container\" data-settings=\"{&quot;background_background&quot;:&quot;classic&quot;,&quot;_ha_eqh_enable&quot;:false}\">\n\t\t\t\t\t<div class=\"e-con-inner\">\n\t\t\t\t\t<\/div>\n\t\t\t\t<\/div>\n\t\t<div class=\"elementor-element elementor-element-3aadec4 e-flex e-con-boxed elementor-invisible e-con e-parent\" data-id=\"3aadec4\" data-element_type=\"container\" data-e-type=\"container\" data-settings=\"{&quot;animation&quot;:&quot;fadeIn&quot;,&quot;_ha_eqh_enable&quot;:false}\">\n\t\t\t\t\t<div class=\"e-con-inner\">\n\t\t<div class=\"elementor-element elementor-element-fb1c72b e-con-full e-flex elementor-invisible e-con e-child\" data-id=\"fb1c72b\" data-element_type=\"container\" data-e-type=\"container\" data-settings=\"{&quot;animation&quot;:&quot;fadeInRight&quot;,&quot;_ha_eqh_enable&quot;:false}\">\n\t\t\t\t<div class=\"elementor-element elementor-element-402977e elementor-widget elementor-widget-image\" data-id=\"402977e\" data-element_type=\"widget\" data-e-type=\"widget\" data-widget_type=\"image.default\">\n\t\t\t\t\t\t\t\t\t\t\t\t\t\t\t<img fetchpriority=\"high\" decoding=\"async\" width=\"683\" height=\"1024\" src=\"https:\/\/muselab.digital\/laura-maria\/wp-content\/uploads\/2026\/03\/MG_9869-683x1024.jpg\" class=\"attachment-large size-large wp-image-940\" alt=\"\" srcset=\"https:\/\/muselab.digital\/laura-maria\/wp-content\/uploads\/2026\/03\/MG_9869-683x1024.jpg 683w, https:\/\/muselab.digital\/laura-maria\/wp-content\/uploads\/2026\/03\/MG_9869-200x300.jpg 200w, https:\/\/muselab.digital\/laura-maria\/wp-content\/uploads\/2026\/03\/MG_9869-768x1152.jpg 768w, https:\/\/muselab.digital\/laura-maria\/wp-content\/uploads\/2026\/03\/MG_9869-1024x1536.jpg 1024w, https:\/\/muselab.digital\/laura-maria\/wp-content\/uploads\/2026\/03\/MG_9869-1365x2048.jpg 1365w, https:\/\/muselab.digital\/laura-maria\/wp-content\/uploads\/2026\/03\/MG_9869-scaled.jpg 1707w\" sizes=\"(max-width: 683px) 100vw, 683px\" \/>\t\t\t\t\t\t\t\t\t\t\t\t\t\t\t<\/div>\n\t\t\t\t<\/div>\n\t\t<div class=\"elementor-element elementor-element-2da6cba e-con-full e-flex e-con e-child\" data-id=\"2da6cba\" data-element_type=\"container\" data-e-type=\"container\" data-settings=\"{&quot;_ha_eqh_enable&quot;:false}\">\n\t\t<div class=\"elementor-element elementor-element-cf14d74 e-con-full e-flex e-con e-child\" data-id=\"cf14d74\" data-element_type=\"container\" data-e-type=\"container\" data-settings=\"{&quot;_ha_eqh_enable&quot;:false}\">\n\t\t\t\t<div class=\"elementor-element elementor-element-eb482ab elementor-widget elementor-widget-heading\" data-id=\"eb482ab\" data-element_type=\"widget\" data-e-type=\"widget\" data-widget_type=\"heading.default\">\n\t\t\t\t\t<h1 class=\"elementor-heading-title elementor-size-default\">Dra. Olga Yepes<\/h1>\t\t\t\t<\/div>\n\t\t\t\t<div class=\"elementor-element elementor-element-cf5b816 elementor-widget elementor-widget-text-editor\" data-id=\"cf5b816\" data-element_type=\"widget\" data-e-type=\"widget\" data-widget_type=\"text-editor.default\">\n\t\t\t\t\t\t\t\t\t<p><strong><em>Psic\u00f3loga<\/em><\/strong><\/p>\t\t\t\t\t\t\t\t<\/div>\n\t\t\t\t<\/div>\n\t\t\t\t<div class=\"elementor-element elementor-element-d6177d6 elementor-widget elementor-widget-text-editor\" data-id=\"d6177d6\" data-element_type=\"widget\" data-e-type=\"widget\" data-widget_type=\"text-editor.default\">\n\t\t\t\t\t\t\t\t\t<p>Psic\u00f3loga, Especialista en Psicolog\u00eda Cl\u00ednica y Desarrollo Infantil. Magister en Psicolog\u00eda Cl\u00ednica y en Neuropsicolog\u00eda Cl\u00ednica. Certificada como Consultora de Sue\u00f1o Infantil.<\/p><p>Experiencia de m\u00e1s de 15 a\u00f1os en el manejo de problemas emocionales y de comportamiento con enfoque conductual desde tercera generaci\u00f3n.<br \/>Experiencia en crianza desde conscious discipline (disciplina consciente).<\/p><p>Terapia individual y de familia<\/p>\t\t\t\t\t\t\t\t<\/div>\n\t\t\t\t<\/div>\n\t\t\t\t\t<\/div>\n\t\t\t\t<\/div>\n\t\t<div class=\"elementor-element elementor-element-d34210f e-flex e-con-boxed e-con e-parent\" data-id=\"d34210f\" data-element_type=\"container\" data-e-type=\"container\" data-settings=\"{&quot;_ha_eqh_enable&quot;:false}\">\n\t\t\t\t\t<div class=\"e-con-inner\">\n\t\t<div class=\"elementor-element elementor-element-a3d76d6 e-con-full e-flex e-con e-child\" data-id=\"a3d76d6\" data-element_type=\"container\" data-e-type=\"container\" data-settings=\"{&quot;_ha_eqh_enable&quot;:false}\">\n\t\t<div class=\"elementor-element elementor-element-9978de5 e-con-full e-flex e-con e-child\" data-id=\"9978de5\" data-element_type=\"container\" data-e-type=\"container\" data-settings=\"{&quot;_ha_eqh_enable&quot;:false}\">\n\t\t<div class=\"elementor-element elementor-element-0ab632e e-flex e-con-boxed e-con e-child\" data-id=\"0ab632e\" data-element_type=\"container\" data-e-type=\"container\" data-settings=\"{&quot;_ha_eqh_enable&quot;:false}\">\n\t\t\t\t\t<div class=\"e-con-inner\">\n\t\t\t\t<div class=\"elementor-element elementor-element-7beabd9 elementor-widget__width-initial elementor-widget elementor-widget-image\" data-id=\"7beabd9\" data-element_type=\"widget\" data-e-type=\"widget\" data-widget_type=\"image.default\">\n\t\t\t\t\t\t\t\t\t\t\t\t\t\t\t<img decoding=\"async\" width=\"225\" height=\"225\" src=\"https:\/\/muselab.digital\/laura-maria\/wp-content\/uploads\/2026\/02\/wradio.png\" class=\"attachment-large size-large wp-image-533\" alt=\"\" srcset=\"https:\/\/muselab.digital\/laura-maria\/wp-content\/uploads\/2026\/02\/wradio.png 225w, https:\/\/muselab.digital\/laura-maria\/wp-content\/uploads\/2026\/02\/wradio-150x150.png 150w\" sizes=\"(max-width: 225px) 100vw, 225px\" \/>\t\t\t\t\t\t\t\t\t\t\t\t\t\t\t<\/div>\n\t\t<div class=\"elementor-element elementor-element-4e9a6ca e-con-full e-flex e-con e-child\" data-id=\"4e9a6ca\" data-element_type=\"container\" data-e-type=\"container\" data-settings=\"{&quot;_ha_eqh_enable&quot;:false}\">\n\t\t\t\t<div class=\"elementor-element elementor-element-06bfdca elementor-widget elementor-widget-text-editor\" data-id=\"06bfdca\" data-element_type=\"widget\" data-e-type=\"widget\" data-widget_type=\"text-editor.default\">\n\t\t\t\t\t\t\t\t\t<p><span style=\"font-weight: 400;\">Programa <strong>#SaludyAlgoM\u00e1s.<\/strong> Abord\u00f3 c\u00f3mo la dependencia emocional impacta el bienestar y comparti\u00f3 enfoques pr\u00e1cticos para superarla.<\/span><\/p>\t\t\t\t\t\t\t\t<\/div>\n\t\t\t\t<div class=\"elementor-element elementor-element-e4f073c ha-has-bg-overlay elementor-widget elementor-widget-button\" data-id=\"e4f073c\" data-element_type=\"widget\" data-e-type=\"widget\" data-widget_type=\"button.default\">\n\t\t\t\t\t\t\t\t\t\t<a class=\"elementor-button elementor-button-link elementor-size-sm\" href=\"#\">\n\t\t\t\t\t\t<span class=\"elementor-button-content-wrapper\">\n\t\t\t\t\t\t<span class=\"elementor-button-icon\">\n\t\t\t\t<svg aria-hidden=\"true\" class=\"e-font-icon-svg e-fas-arrow-right\" viewBox=\"0 0 448 512\" xmlns=\"http:\/\/www.w3.org\/2000\/svg\"><path d=\"M190.5 66.9l22.2-22.2c9.4-9.4 24.6-9.4 33.9 0L441 239c9.4 9.4 9.4 24.6 0 33.9L246.6 467.3c-9.4 9.4-24.6 9.4-33.9 0l-22.2-22.2c-9.5-9.5-9.3-25 .4-34.3L311.4 296H24c-13.3 0-24-10.7-24-24v-32c0-13.3 10.7-24 24-24h287.4L190.9 101.2c-9.8-9.3-10-24.8-.4-34.3z\"><\/path><\/svg>\t\t\t<\/span>\n\t\t\t\t\t\t\t\t\t<span class=\"elementor-button-text\">Escuchar entrevista<\/span>\n\t\t\t\t\t<\/span>\n\t\t\t\t\t<\/a>\n\t\t\t\t\t\t\t\t<\/div>\n\t\t\t\t<\/div>\n\t\t\t\t\t<\/div>\n\t\t\t\t<\/div>\n\t\t<div class=\"elementor-element elementor-element-ce706c9 e-flex e-con-boxed e-con e-child\" data-id=\"ce706c9\" data-element_type=\"container\" data-e-type=\"container\" data-settings=\"{&quot;_ha_eqh_enable&quot;:false}\">\n\t\t\t\t\t<div class=\"e-con-inner\">\n\t\t\t\t<div class=\"elementor-element elementor-element-691852f elementor-widget__width-initial elementor-widget elementor-widget-image\" data-id=\"691852f\" data-element_type=\"widget\" data-e-type=\"widget\" data-widget_type=\"image.default\">\n\t\t\t\t\t\t\t\t\t\t\t\t\t\t\t<img decoding=\"async\" width=\"225\" height=\"225\" src=\"https:\/\/muselab.digital\/laura-maria\/wp-content\/uploads\/2026\/02\/rcn-bienestar.jpeg\" class=\"attachment-large size-large wp-image-535\" alt=\"\" srcset=\"https:\/\/muselab.digital\/laura-maria\/wp-content\/uploads\/2026\/02\/rcn-bienestar.jpeg 225w, https:\/\/muselab.digital\/laura-maria\/wp-content\/uploads\/2026\/02\/rcn-bienestar-150x150.jpeg 150w\" sizes=\"(max-width: 225px) 100vw, 225px\" \/>\t\t\t\t\t\t\t\t\t\t\t\t\t\t\t<\/div>\n\t\t<div class=\"elementor-element elementor-element-bbe22c3 e-con-full e-flex e-con e-child\" data-id=\"bbe22c3\" data-element_type=\"container\" data-e-type=\"container\" data-settings=\"{&quot;_ha_eqh_enable&quot;:false}\">\n\t\t\t\t<div class=\"elementor-element elementor-element-e19c44e elementor-widget elementor-widget-text-editor\" data-id=\"e19c44e\" data-element_type=\"widget\" data-e-type=\"widget\" data-widget_type=\"text-editor.default\">\n\t\t\t\t\t\t\t\t\t<p><span style=\"font-weight: 400;\">Profundiz\u00f3 en las causas de la dependencia emocional y brind\u00f3 estrategias concretas para iniciar un proceso de sanaci\u00f3n.<\/span><\/p>\t\t\t\t\t\t\t\t<\/div>\n\t\t\t\t<div class=\"elementor-element elementor-element-6734258 ha-has-bg-overlay elementor-widget elementor-widget-button\" data-id=\"6734258\" data-element_type=\"widget\" data-e-type=\"widget\" data-widget_type=\"button.default\">\n\t\t\t\t\t\t\t\t\t\t<a class=\"elementor-button elementor-button-link elementor-size-sm\" href=\"#\">\n\t\t\t\t\t\t<span class=\"elementor-button-content-wrapper\">\n\t\t\t\t\t\t<span class=\"elementor-button-icon\">\n\t\t\t\t<svg aria-hidden=\"true\" class=\"e-font-icon-svg e-fas-arrow-right\" viewBox=\"0 0 448 512\" xmlns=\"http:\/\/www.w3.org\/2000\/svg\"><path d=\"M190.5 66.9l22.2-22.2c9.4-9.4 24.6-9.4 33.9 0L441 239c9.4 9.4 9.4 24.6 0 33.9L246.6 467.3c-9.4 9.4-24.6 9.4-33.9 0l-22.2-22.2c-9.5-9.5-9.3-25 .4-34.3L311.4 296H24c-13.3 0-24-10.7-24-24v-32c0-13.3 10.7-24 24-24h287.4L190.9 101.2c-9.8-9.3-10-24.8-.4-34.3z\"><\/path><\/svg>\t\t\t<\/span>\n\t\t\t\t\t\t\t\t\t<span class=\"elementor-button-text\">Escuchar entrevista<\/span>\n\t\t\t\t\t<\/span>\n\t\t\t\t\t<\/a>\n\t\t\t\t\t\t\t\t<\/div>\n\t\t\t\t<\/div>\n\t\t\t\t\t<\/div>\n\t\t\t\t<\/div>\n\t\t<div class=\"elementor-element elementor-element-329c5ca e-con-full e-flex e-con e-child\" data-id=\"329c5ca\" data-element_type=\"container\" data-e-type=\"container\" data-settings=\"{&quot;_ha_eqh_enable&quot;:false}\">\n\t\t\t\t<div class=\"elementor-element elementor-element-eff9cec elementor-widget__width-initial elementor-widget elementor-widget-image\" data-id=\"eff9cec\" data-element_type=\"widget\" data-e-type=\"widget\" data-widget_type=\"image.default\">\n\t\t\t\t\t\t\t\t\t\t\t\t\t\t\t<img loading=\"lazy\" decoding=\"async\" width=\"254\" height=\"198\" src=\"https:\/\/muselab.digital\/laura-maria\/wp-content\/uploads\/2026\/02\/Revista-fucsia.png\" class=\"attachment-large size-large wp-image-536\" alt=\"\" \/>\t\t\t\t\t\t\t\t\t\t\t\t\t\t\t<\/div>\n\t\t<div class=\"elementor-element elementor-element-a660ca2 e-con-full e-flex e-con e-child\" data-id=\"a660ca2\" data-element_type=\"container\" data-e-type=\"container\" data-settings=\"{&quot;_ha_eqh_enable&quot;:false}\">\n\t\t\t\t<div class=\"elementor-element elementor-element-be0b5fe elementor-widget elementor-widget-text-editor\" data-id=\"be0b5fe\" data-element_type=\"widget\" data-e-type=\"widget\" data-widget_type=\"text-editor.default\">\n\t\t\t\t\t\t\t\t\t<p><span style=\"font-weight: 400;\">Comparti\u00f3 consejos pr\u00e1cticos sobre bienestar emocional, independencia afectiva y construcci\u00f3n de v\u00ednculos saludables.<\/span><\/p>\t\t\t\t\t\t\t\t<\/div>\n\t\t\t\t<div class=\"elementor-element elementor-element-d9e6018 ha-has-bg-overlay elementor-widget elementor-widget-button\" data-id=\"d9e6018\" data-element_type=\"widget\" data-e-type=\"widget\" data-widget_type=\"button.default\">\n\t\t\t\t\t\t\t\t\t\t<a class=\"elementor-button elementor-button-link elementor-size-sm\" href=\"#\">\n\t\t\t\t\t\t<span class=\"elementor-button-content-wrapper\">\n\t\t\t\t\t\t<span class=\"elementor-button-icon\">\n\t\t\t\t<svg aria-hidden=\"true\" class=\"e-font-icon-svg e-fas-arrow-right\" viewBox=\"0 0 448 512\" xmlns=\"http:\/\/www.w3.org\/2000\/svg\"><path d=\"M190.5 66.9l22.2-22.2c9.4-9.4 24.6-9.4 33.9 0L441 239c9.4 9.4 9.4 24.6 0 33.9L246.6 467.3c-9.4 9.4-24.6 9.4-33.9 0l-22.2-22.2c-9.5-9.5-9.3-25 .4-34.3L311.4 296H24c-13.3 0-24-10.7-24-24v-32c0-13.3 10.7-24 24-24h287.4L190.9 101.2c-9.8-9.3-10-24.8-.4-34.3z\"><\/path><\/svg>\t\t\t<\/span>\n\t\t\t\t\t\t\t\t\t<span class=\"elementor-button-text\">Escuchar entrevista<\/span>\n\t\t\t\t\t<\/span>\n\t\t\t\t\t<\/a>\n\t\t\t\t\t\t\t\t<\/div>\n\t\t\t\t<\/div>\n\t\t\t\t<\/div>\n\t\t\t\t<\/div>\n\t\t\t\t<\/div>\n\t\t<div class=\"elementor-element elementor-element-e5c6db9 e-con-full e-flex e-con e-child\" data-id=\"e5c6db9\" data-element_type=\"container\" data-e-type=\"container\" data-settings=\"{&quot;_ha_eqh_enable&quot;:false}\">\n\t\t\t\t<div class=\"elementor-element elementor-element-eeb88dc elementor-widget elementor-widget-heading\" data-id=\"eeb88dc\" data-element_type=\"widget\" data-e-type=\"widget\" data-widget_type=\"heading.default\">\n\t\t\t\t\t<h2 class=\"elementor-heading-title elementor-size-default\">M\u00e1s especialistas<\/h2>\t\t\t\t<\/div>\n\t\t<div class=\"elementor-element elementor-element-53167d7 e-con-full e-flex e-con e-child\" data-id=\"53167d7\" data-element_type=\"container\" data-e-type=\"container\" data-settings=\"{&quot;_ha_eqh_enable&quot;:false}\">\n\t\t<div class=\"elementor-element elementor-element-5ae28fd e-flex e-con-boxed e-con e-child\" data-id=\"5ae28fd\" data-element_type=\"container\" data-e-type=\"container\" data-settings=\"{&quot;_ha_eqh_enable&quot;:false}\">\n\t\t\t\t\t<div class=\"e-con-inner\">\n\t\t\t\t<div class=\"elementor-element elementor-element-13887d1 elementor-widget__width-initial elementor-widget elementor-widget-image\" data-id=\"13887d1\" data-element_type=\"widget\" data-e-type=\"widget\" data-widget_type=\"image.default\">\n\t\t\t\t\t\t\t\t\t\t\t\t\t\t\t<img loading=\"lazy\" decoding=\"async\" width=\"683\" height=\"1024\" src=\"https:\/\/muselab.digital\/laura-maria\/wp-content\/uploads\/2026\/03\/laura-maria-ramirez-1-683x1024.png\" class=\"attachment-large size-large wp-image-986\" alt=\"\" srcset=\"https:\/\/muselab.digital\/laura-maria\/wp-content\/uploads\/2026\/03\/laura-maria-ramirez-1-683x1024.png 683w, https:\/\/muselab.digital\/laura-maria\/wp-content\/uploads\/2026\/03\/laura-maria-ramirez-1-200x300.png 200w, https:\/\/muselab.digital\/laura-maria\/wp-content\/uploads\/2026\/03\/laura-maria-ramirez-1-768x1152.png 768w, https:\/\/muselab.digital\/laura-maria\/wp-content\/uploads\/2026\/03\/laura-maria-ramirez-1-1024x1536.png 1024w, https:\/\/muselab.digital\/laura-maria\/wp-content\/uploads\/2026\/03\/laura-maria-ramirez-1.png 1200w\" sizes=\"(max-width: 683px) 100vw, 683px\" \/>\t\t\t\t\t\t\t\t\t\t\t\t\t\t\t<\/div>\n\t\t<div class=\"elementor-element elementor-element-fcece27 e-con-full e-flex e-con e-child\" data-id=\"fcece27\" data-element_type=\"container\" data-e-type=\"container\" data-settings=\"{&quot;_ha_eqh_enable&quot;:false}\">\n\t\t\t\t<div class=\"elementor-element elementor-element-d01c7e4 elementor-widget elementor-widget-text-editor\" data-id=\"d01c7e4\" data-element_type=\"widget\" data-e-type=\"widget\" data-widget_type=\"text-editor.default\">\n\t\t\t\t\t\t\t\t\t<b>Dra. Laura Mar\u00eda Ram\u00edrez N\u00fa\u00f1ez &#8211; <\/b>Directora y fundadora\t\t\t\t\t\t\t\t<\/div>\n\t\t\t\t<div class=\"elementor-element elementor-element-47206cd ha-has-bg-overlay elementor-widget elementor-widget-button\" data-id=\"47206cd\" data-element_type=\"widget\" data-e-type=\"widget\" data-widget_type=\"button.default\">\n\t\t\t\t\t\t\t\t\t\t<a class=\"elementor-button elementor-button-link elementor-size-sm\" href=\"https:\/\/muselab.digital\/laura-maria\/conocenos\/dra-laura-maria-ramirez\/\">\n\t\t\t\t\t\t<span class=\"elementor-button-content-wrapper\">\n\t\t\t\t\t\t<span class=\"elementor-button-icon\">\n\t\t\t\t<svg aria-hidden=\"true\" class=\"e-font-icon-svg e-fas-arrow-right\" viewBox=\"0 0 448 512\" xmlns=\"http:\/\/www.w3.org\/2000\/svg\"><path d=\"M190.5 66.9l22.2-22.2c9.4-9.4 24.6-9.4 33.9 0L441 239c9.4 9.4 9.4 24.6 0 33.9L246.6 467.3c-9.4 9.4-24.6 9.4-33.9 0l-22.2-22.2c-9.5-9.5-9.3-25 .4-34.3L311.4 296H24c-13.3 0-24-10.7-24-24v-32c0-13.3 10.7-24 24-24h287.4L190.9 101.2c-9.8-9.3-10-24.8-.4-34.3z\"><\/path><\/svg>\t\t\t<\/span>\n\t\t\t\t\t\t\t\t\t<span class=\"elementor-button-text\">Saber m\u00e1s<\/span>\n\t\t\t\t\t<\/span>\n\t\t\t\t\t<\/a>\n\t\t\t\t\t\t\t\t<\/div>\n\t\t\t\t<\/div>\n\t\t\t\t\t<\/div>\n\t\t\t\t<\/div>\n\t\t<div class=\"elementor-element elementor-element-3196477 e-con-full e-flex e-con e-child\" data-id=\"3196477\" data-element_type=\"container\" data-e-type=\"container\" data-settings=\"{&quot;_ha_eqh_enable&quot;:false}\">\n\t\t\t\t<div class=\"elementor-element elementor-element-02ae221 elementor-widget__width-initial elementor-widget elementor-widget-image\" data-id=\"02ae221\" data-element_type=\"widget\" data-e-type=\"widget\" data-widget_type=\"image.default\">\n\t\t\t\t\t\t\t\t\t\t\t\t\t\t\t<img loading=\"lazy\" decoding=\"async\" width=\"683\" height=\"1024\" src=\"https:\/\/muselab.digital\/laura-maria\/wp-content\/uploads\/2026\/03\/sofica-vanesa-683x1024.jpeg\" class=\"attachment-large size-large wp-image-964\" alt=\"\" srcset=\"https:\/\/muselab.digital\/laura-maria\/wp-content\/uploads\/2026\/03\/sofica-vanesa-683x1024.jpeg 683w, https:\/\/muselab.digital\/laura-maria\/wp-content\/uploads\/2026\/03\/sofica-vanesa-200x300.jpeg 200w, https:\/\/muselab.digital\/laura-maria\/wp-content\/uploads\/2026\/03\/sofica-vanesa-768x1152.jpeg 768w, https:\/\/muselab.digital\/laura-maria\/wp-content\/uploads\/2026\/03\/sofica-vanesa.jpeg 1000w\" sizes=\"(max-width: 683px) 100vw, 683px\" \/>\t\t\t\t\t\t\t\t\t\t\t\t\t\t\t<\/div>\n\t\t<div class=\"elementor-element elementor-element-07a32b8 e-con-full e-flex e-con e-child\" data-id=\"07a32b8\" data-element_type=\"container\" data-e-type=\"container\" data-settings=\"{&quot;_ha_eqh_enable&quot;:false}\">\n\t\t\t\t<div class=\"elementor-element elementor-element-ce29b04 elementor-widget elementor-widget-text-editor\" data-id=\"ce29b04\" data-element_type=\"widget\" data-e-type=\"widget\" data-widget_type=\"text-editor.default\">\n\t\t\t\t\t\t\t\t\t<b>Dra. Sof\u00eda Vanesa Silva Medina &#8211; <\/b>Psic\u00f3loga cl\u00ednica\t\t\t\t\t\t\t\t<\/div>\n\t\t\t\t<div class=\"elementor-element elementor-element-efc1ec3 ha-has-bg-overlay elementor-widget elementor-widget-button\" data-id=\"efc1ec3\" data-element_type=\"widget\" data-e-type=\"widget\" data-widget_type=\"button.default\">\n\t\t\t\t\t\t\t\t\t\t<a class=\"elementor-button elementor-button-link elementor-size-sm\" href=\"https:\/\/muselab.digital\/laura-maria\/conocenos\/dra-sofia-vanesa-silva-medina\/\">\n\t\t\t\t\t\t<span class=\"elementor-button-content-wrapper\">\n\t\t\t\t\t\t<span class=\"elementor-button-icon\">\n\t\t\t\t<svg aria-hidden=\"true\" class=\"e-font-icon-svg e-fas-arrow-right\" viewBox=\"0 0 448 512\" xmlns=\"http:\/\/www.w3.org\/2000\/svg\"><path d=\"M190.5 66.9l22.2-22.2c9.4-9.4 24.6-9.4 33.9 0L441 239c9.4 9.4 9.4 24.6 0 33.9L246.6 467.3c-9.4 9.4-24.6 9.4-33.9 0l-22.2-22.2c-9.5-9.5-9.3-25 .4-34.3L311.4 296H24c-13.3 0-24-10.7-24-24v-32c0-13.3 10.7-24 24-24h287.4L190.9 101.2c-9.8-9.3-10-24.8-.4-34.3z\"><\/path><\/svg>\t\t\t<\/span>\n\t\t\t\t\t\t\t\t\t<span class=\"elementor-button-text\">Saber m\u00e1s<\/span>\n\t\t\t\t\t<\/span>\n\t\t\t\t\t<\/a>\n\t\t\t\t\t\t\t\t<\/div>\n\t\t\t\t<\/div>\n\t\t\t\t<\/div>\n\t\t\t\t<\/div>\n\t\t\t\t<\/div>\n\t\t\t\t\t<\/div>\n\t\t\t\t<\/div>\n\t\t\t\t<\/div>\n\t\t","protected":false},"excerpt":{"rendered":"<p>Dra. Olga Yepes Psic\u00f3loga Psic\u00f3loga, Especialista en Psicolog\u00eda Cl\u00ednica y Desarrollo Infantil. Magister en Psicolog\u00eda Cl\u00ednica y en Neuropsicolog\u00eda Cl\u00ednica. Certificada como Consultora de Sue\u00f1o Infantil. Experiencia de m\u00e1s de 15 a\u00f1os en el manejo de problemas emocionales y de comportamiento con enfoque conductual desde tercera generaci\u00f3n.Experiencia en crianza desde conscious discipline (disciplina consciente). Terapia [&hellip;]<\/p>\n","protected":false},"author":1,"featured_media":0,"parent":282,"menu_order":0,"comment_status":"closed","ping_status":"closed","template":"","meta":{"_joinchat":[],"footnotes":""},"class_list":["post-614","page","type-page","status-publish","hentry"],"_links":{"self":[{"href":"https:\/\/muselab.digital\/laura-maria\/wp-json\/wp\/v2\/pages\/614","targetHints":{"allow":["GET"]}}],"collection":[{"href":"https:\/\/muselab.digital\/laura-maria\/wp-json\/wp\/v2\/pages"}],"about":[{"href":"https:\/\/muselab.digital\/laura-maria\/wp-json\/wp\/v2\/types\/page"}],"author":[{"embeddable":true,"href":"https:\/\/muselab.digital\/laura-maria\/wp-json\/wp\/v2\/users\/1"}],"replies":[{"embeddable":true,"href":"https:\/\/muselab.digital\/laura-maria\/wp-json\/wp\/v2\/comments?post=614"}],"version-history":[{"count":53,"href":"https:\/\/muselab.digital\/laura-maria\/wp-json\/wp\/v2\/pages\/614\/revisions"}],"predecessor-version":[{"id":1055,"href":"https:\/\/muselab.digital\/laura-maria\/wp-json\/wp\/v2\/pages\/614\/revisions\/1055"}],"up":[{"embeddable":true,"href":"https:\/\/muselab.digital\/laura-maria\/wp-json\/wp\/v2\/pages\/282"}],"wp:attachment":[{"href":"https:\/\/muselab.digital\/laura-maria\/wp-json\/wp\/v2\/media?parent=614"}],"curies":[{"name":"wp","href":"https:\/\/api.w.org\/{rel}","templated":true}]}}