{"id":577,"date":"2026-02-27T10:39:26","date_gmt":"2026-02-27T15:39:26","guid":{"rendered":"https:\/\/muselab.digital\/laura-maria\/?page_id=577"},"modified":"2026-03-21T19:19:31","modified_gmt":"2026-03-22T00:19:31","slug":"dra-laura-maria-ramirez","status":"publish","type":"page","link":"https:\/\/muselab.digital\/laura-maria\/conocenos\/dra-laura-maria-ramirez\/","title":{"rendered":"Dra Laura Maria Ramirez"},"content":{"rendered":"\t\t<div data-elementor-type=\"wp-page\" data-elementor-id=\"577\" class=\"elementor elementor-577\" data-elementor-settings=\"{&quot;ha_cmc_init_switcher&quot;:&quot;no&quot;}\" data-elementor-post-type=\"page\">\n\t\t\t\t<div class=\"elementor-element elementor-element-621072c e-flex e-con-boxed e-con e-parent\" data-id=\"621072c\" data-element_type=\"container\" data-e-type=\"container\" data-settings=\"{&quot;background_background&quot;:&quot;classic&quot;,&quot;_ha_eqh_enable&quot;:false}\">\n\t\t\t\t\t<div class=\"e-con-inner\">\n\t\t\t\t\t<\/div>\n\t\t\t\t<\/div>\n\t\t<div class=\"elementor-element elementor-element-ce1dcb1 e-flex e-con-boxed e-con e-parent\" data-id=\"ce1dcb1\" data-element_type=\"container\" data-e-type=\"container\" data-settings=\"{&quot;_ha_eqh_enable&quot;:false}\">\n\t\t\t\t\t<div class=\"e-con-inner\">\n\t\t<div class=\"elementor-element elementor-element-eb5ffa8 e-con-full e-flex e-con e-child\" data-id=\"eb5ffa8\" data-element_type=\"container\" data-e-type=\"container\" data-settings=\"{&quot;_ha_eqh_enable&quot;:false}\">\n\t\t\t\t<div class=\"elementor-element elementor-element-08b8819 elementor-widget elementor-widget-image\" data-id=\"08b8819\" data-element_type=\"widget\" data-e-type=\"widget\" data-widget_type=\"image.default\">\n\t\t\t\t\t\t\t\t\t\t\t\t\t\t\t<img fetchpriority=\"high\" decoding=\"async\" width=\"683\" height=\"1024\" src=\"https:\/\/muselab.digital\/laura-maria\/wp-content\/uploads\/2026\/03\/laura-maria-ramirez-1-683x1024.png\" class=\"attachment-large size-large wp-image-986\" alt=\"\" srcset=\"https:\/\/muselab.digital\/laura-maria\/wp-content\/uploads\/2026\/03\/laura-maria-ramirez-1-683x1024.png 683w, https:\/\/muselab.digital\/laura-maria\/wp-content\/uploads\/2026\/03\/laura-maria-ramirez-1-200x300.png 200w, https:\/\/muselab.digital\/laura-maria\/wp-content\/uploads\/2026\/03\/laura-maria-ramirez-1-768x1152.png 768w, https:\/\/muselab.digital\/laura-maria\/wp-content\/uploads\/2026\/03\/laura-maria-ramirez-1-1024x1536.png 1024w, https:\/\/muselab.digital\/laura-maria\/wp-content\/uploads\/2026\/03\/laura-maria-ramirez-1.png 1200w\" sizes=\"(max-width: 683px) 100vw, 683px\" \/>\t\t\t\t\t\t\t\t\t\t\t\t\t\t\t<\/div>\n\t\t\t\t<\/div>\n\t\t<div class=\"elementor-element elementor-element-aaaf8a9 e-con-full e-flex e-con e-child\" data-id=\"aaaf8a9\" data-element_type=\"container\" data-e-type=\"container\" data-settings=\"{&quot;_ha_eqh_enable&quot;:false}\">\n\t\t<div class=\"elementor-element elementor-element-d74c484 e-con-full e-flex e-con e-child\" data-id=\"d74c484\" data-element_type=\"container\" data-e-type=\"container\" data-settings=\"{&quot;_ha_eqh_enable&quot;:false}\">\n\t\t\t\t<div class=\"elementor-element elementor-element-cc20c82 elementor-widget elementor-widget-heading\" data-id=\"cc20c82\" data-element_type=\"widget\" data-e-type=\"widget\" data-widget_type=\"heading.default\">\n\t\t\t\t\t<h1 class=\"elementor-heading-title elementor-size-default\">Dra. Laura Mar\u00eda Ram\u00edrez N\u00fa\u00f1ez<\/h1>\t\t\t\t<\/div>\n\t\t\t\t<div class=\"elementor-element elementor-element-23aa62a elementor-widget elementor-widget-text-editor\" data-id=\"23aa62a\" data-element_type=\"widget\" data-e-type=\"widget\" data-widget_type=\"text-editor.default\">\n\t\t\t\t\t\t\t\t\t<p><strong><i>Directora y fundadora<\/i><\/strong><\/p>\t\t\t\t\t\t\t\t<\/div>\n\t\t\t\t<\/div>\n\t\t\t\t<div class=\"elementor-element elementor-element-36e4ba8 elementor-widget elementor-widget-text-editor\" data-id=\"36e4ba8\" data-element_type=\"widget\" data-e-type=\"widget\" data-widget_type=\"text-editor.default\">\n\t\t\t\t\t\t\t\t\t<p><span style=\"font-weight: 400;\"><strong>Psic\u00f3loga clinica especialista, mag\u00edster y doctoranda,<\/strong> experta en independencia emocional y v\u00ednculos afectivos sanos. Con formaci\u00f3n en acompa\u00f1amiento terap\u00e9utico online y amplia experiencia en el desarrollo de programas de bienestar y prevenci\u00f3n para adultos j\u00f3venes y familias.<\/span><\/p><p><span style=\"font-weight: 400;\">Su labor profesional se centra en promover la autonom\u00eda personal, la salud emocional y el fortalecimiento de relaciones sanas. Es creadora de contenidos educativos, autora de talleres, conferencista invitada en espacios de divulgaci\u00f3n psicol\u00f3gica digital y docente universitaria.<\/span><\/p><p><span style=\"font-weight: 400;\">Ha sido invitada como experta en medios reconocidos como<strong> W Radio Colombia (#SaludyAlgoM\u00e1s), RCN Bienestar y la revista Fucsia, donde ha compartido su conocimiento sobre dependencia emocional, bienestar y construcci\u00f3n de v\u00ednculos saludables.<\/strong><\/span><\/p>\t\t\t\t\t\t\t\t<\/div>\n\t\t\t\t<\/div>\n\t\t\t\t\t<\/div>\n\t\t\t\t<\/div>\n\t\t<div class=\"elementor-element elementor-element-20b0e46 e-flex e-con-boxed e-con e-parent\" data-id=\"20b0e46\" data-element_type=\"container\" data-e-type=\"container\" data-settings=\"{&quot;_ha_eqh_enable&quot;:false}\">\n\t\t\t\t\t<div class=\"e-con-inner\">\n\t\t<div class=\"elementor-element elementor-element-1eb7492 e-con-full e-flex e-con e-child\" data-id=\"1eb7492\" data-element_type=\"container\" data-e-type=\"container\" data-settings=\"{&quot;_ha_eqh_enable&quot;:false}\">\n\t\t<div class=\"elementor-element elementor-element-36789c2 e-con-full e-flex e-con e-child\" data-id=\"36789c2\" data-element_type=\"container\" data-e-type=\"container\" data-settings=\"{&quot;_ha_eqh_enable&quot;:false}\">\n\t\t<div class=\"elementor-element elementor-element-7d07cab e-flex e-con-boxed e-con e-child\" data-id=\"7d07cab\" data-element_type=\"container\" data-e-type=\"container\" data-settings=\"{&quot;_ha_eqh_enable&quot;:false}\">\n\t\t\t\t\t<div class=\"e-con-inner\">\n\t\t\t\t<div class=\"elementor-element elementor-element-3fac967 elementor-widget__width-initial elementor-widget elementor-widget-image\" data-id=\"3fac967\" data-element_type=\"widget\" data-e-type=\"widget\" data-widget_type=\"image.default\">\n\t\t\t\t\t\t\t\t\t\t\t\t\t\t\t<img decoding=\"async\" width=\"225\" height=\"225\" src=\"https:\/\/muselab.digital\/laura-maria\/wp-content\/uploads\/2026\/02\/wradio.png\" class=\"attachment-large size-large wp-image-533\" alt=\"\" srcset=\"https:\/\/muselab.digital\/laura-maria\/wp-content\/uploads\/2026\/02\/wradio.png 225w, https:\/\/muselab.digital\/laura-maria\/wp-content\/uploads\/2026\/02\/wradio-150x150.png 150w\" sizes=\"(max-width: 225px) 100vw, 225px\" \/>\t\t\t\t\t\t\t\t\t\t\t\t\t\t\t<\/div>\n\t\t<div class=\"elementor-element elementor-element-e7964eb e-con-full e-flex e-con e-child\" data-id=\"e7964eb\" data-element_type=\"container\" data-e-type=\"container\" data-settings=\"{&quot;_ha_eqh_enable&quot;:false}\">\n\t\t\t\t<div class=\"elementor-element elementor-element-d0b5c3c elementor-widget elementor-widget-text-editor\" data-id=\"d0b5c3c\" data-element_type=\"widget\" data-e-type=\"widget\" data-widget_type=\"text-editor.default\">\n\t\t\t\t\t\t\t\t\t<p><span style=\"font-weight: 400;\">Programa <strong>#SaludyAlgoM\u00e1s.<\/strong> Abord\u00f3 c\u00f3mo la dependencia emocional impacta el bienestar y comparti\u00f3 enfoques pr\u00e1cticos para superarla.<\/span><\/p>\t\t\t\t\t\t\t\t<\/div>\n\t\t\t\t<div class=\"elementor-element elementor-element-4955e76 ha-has-bg-overlay elementor-widget elementor-widget-button\" data-id=\"4955e76\" data-element_type=\"widget\" data-e-type=\"widget\" data-widget_type=\"button.default\">\n\t\t\t\t\t\t\t\t\t\t<a class=\"elementor-button elementor-button-link elementor-size-sm\" href=\"#\">\n\t\t\t\t\t\t<span class=\"elementor-button-content-wrapper\">\n\t\t\t\t\t\t<span class=\"elementor-button-icon\">\n\t\t\t\t<svg aria-hidden=\"true\" class=\"e-font-icon-svg e-fas-arrow-right\" viewBox=\"0 0 448 512\" xmlns=\"http:\/\/www.w3.org\/2000\/svg\"><path d=\"M190.5 66.9l22.2-22.2c9.4-9.4 24.6-9.4 33.9 0L441 239c9.4 9.4 9.4 24.6 0 33.9L246.6 467.3c-9.4 9.4-24.6 9.4-33.9 0l-22.2-22.2c-9.5-9.5-9.3-25 .4-34.3L311.4 296H24c-13.3 0-24-10.7-24-24v-32c0-13.3 10.7-24 24-24h287.4L190.9 101.2c-9.8-9.3-10-24.8-.4-34.3z\"><\/path><\/svg>\t\t\t<\/span>\n\t\t\t\t\t\t\t\t\t<span class=\"elementor-button-text\">Escuchar entrevista<\/span>\n\t\t\t\t\t<\/span>\n\t\t\t\t\t<\/a>\n\t\t\t\t\t\t\t\t<\/div>\n\t\t\t\t<\/div>\n\t\t\t\t\t<\/div>\n\t\t\t\t<\/div>\n\t\t<div class=\"elementor-element elementor-element-5d6d201 e-flex e-con-boxed e-con e-child\" data-id=\"5d6d201\" data-element_type=\"container\" data-e-type=\"container\" data-settings=\"{&quot;_ha_eqh_enable&quot;:false}\">\n\t\t\t\t\t<div class=\"e-con-inner\">\n\t\t\t\t<div class=\"elementor-element elementor-element-012a6c4 elementor-widget__width-initial elementor-widget elementor-widget-image\" data-id=\"012a6c4\" data-element_type=\"widget\" data-e-type=\"widget\" data-widget_type=\"image.default\">\n\t\t\t\t\t\t\t\t\t\t\t\t\t\t\t<img decoding=\"async\" width=\"225\" height=\"225\" src=\"https:\/\/muselab.digital\/laura-maria\/wp-content\/uploads\/2026\/02\/rcn-bienestar.jpeg\" class=\"attachment-large size-large wp-image-535\" alt=\"\" srcset=\"https:\/\/muselab.digital\/laura-maria\/wp-content\/uploads\/2026\/02\/rcn-bienestar.jpeg 225w, https:\/\/muselab.digital\/laura-maria\/wp-content\/uploads\/2026\/02\/rcn-bienestar-150x150.jpeg 150w\" sizes=\"(max-width: 225px) 100vw, 225px\" \/>\t\t\t\t\t\t\t\t\t\t\t\t\t\t\t<\/div>\n\t\t<div class=\"elementor-element elementor-element-c3c932e e-con-full e-flex e-con e-child\" data-id=\"c3c932e\" data-element_type=\"container\" data-e-type=\"container\" data-settings=\"{&quot;_ha_eqh_enable&quot;:false}\">\n\t\t\t\t<div class=\"elementor-element elementor-element-87f902e elementor-widget elementor-widget-text-editor\" data-id=\"87f902e\" data-element_type=\"widget\" data-e-type=\"widget\" data-widget_type=\"text-editor.default\">\n\t\t\t\t\t\t\t\t\t<p><span style=\"font-weight: 400;\">Profundiz\u00f3 en las causas de la dependencia emocional y brind\u00f3 estrategias concretas para iniciar un proceso de sanaci\u00f3n.<\/span><\/p>\t\t\t\t\t\t\t\t<\/div>\n\t\t\t\t<div class=\"elementor-element elementor-element-4b6c85e ha-has-bg-overlay elementor-widget elementor-widget-button\" data-id=\"4b6c85e\" data-element_type=\"widget\" data-e-type=\"widget\" data-widget_type=\"button.default\">\n\t\t\t\t\t\t\t\t\t\t<a class=\"elementor-button elementor-button-link elementor-size-sm\" href=\"#\">\n\t\t\t\t\t\t<span class=\"elementor-button-content-wrapper\">\n\t\t\t\t\t\t<span class=\"elementor-button-icon\">\n\t\t\t\t<svg aria-hidden=\"true\" class=\"e-font-icon-svg e-fas-arrow-right\" viewBox=\"0 0 448 512\" xmlns=\"http:\/\/www.w3.org\/2000\/svg\"><path d=\"M190.5 66.9l22.2-22.2c9.4-9.4 24.6-9.4 33.9 0L441 239c9.4 9.4 9.4 24.6 0 33.9L246.6 467.3c-9.4 9.4-24.6 9.4-33.9 0l-22.2-22.2c-9.5-9.5-9.3-25 .4-34.3L311.4 296H24c-13.3 0-24-10.7-24-24v-32c0-13.3 10.7-24 24-24h287.4L190.9 101.2c-9.8-9.3-10-24.8-.4-34.3z\"><\/path><\/svg>\t\t\t<\/span>\n\t\t\t\t\t\t\t\t\t<span class=\"elementor-button-text\">Escuchar entrevista<\/span>\n\t\t\t\t\t<\/span>\n\t\t\t\t\t<\/a>\n\t\t\t\t\t\t\t\t<\/div>\n\t\t\t\t<\/div>\n\t\t\t\t\t<\/div>\n\t\t\t\t<\/div>\n\t\t<div class=\"elementor-element elementor-element-2dbad84 e-con-full e-flex e-con e-child\" data-id=\"2dbad84\" data-element_type=\"container\" data-e-type=\"container\" data-settings=\"{&quot;_ha_eqh_enable&quot;:false}\">\n\t\t\t\t<div class=\"elementor-element elementor-element-c94f57c elementor-widget__width-initial elementor-widget elementor-widget-image\" data-id=\"c94f57c\" data-element_type=\"widget\" data-e-type=\"widget\" data-widget_type=\"image.default\">\n\t\t\t\t\t\t\t\t\t\t\t\t\t\t\t<img loading=\"lazy\" decoding=\"async\" width=\"254\" height=\"198\" src=\"https:\/\/muselab.digital\/laura-maria\/wp-content\/uploads\/2026\/02\/Revista-fucsia.png\" class=\"attachment-large size-large wp-image-536\" alt=\"\" \/>\t\t\t\t\t\t\t\t\t\t\t\t\t\t\t<\/div>\n\t\t<div class=\"elementor-element elementor-element-d16ed61 e-con-full e-flex e-con e-child\" data-id=\"d16ed61\" data-element_type=\"container\" data-e-type=\"container\" data-settings=\"{&quot;_ha_eqh_enable&quot;:false}\">\n\t\t\t\t<div class=\"elementor-element elementor-element-e8852b6 elementor-widget elementor-widget-text-editor\" data-id=\"e8852b6\" data-element_type=\"widget\" data-e-type=\"widget\" data-widget_type=\"text-editor.default\">\n\t\t\t\t\t\t\t\t\t<p><span style=\"font-weight: 400;\">Comparti\u00f3 consejos pr\u00e1cticos sobre bienestar emocional, independencia afectiva y construcci\u00f3n de v\u00ednculos saludables.<\/span><\/p>\t\t\t\t\t\t\t\t<\/div>\n\t\t\t\t<div class=\"elementor-element elementor-element-e4ed9bb ha-has-bg-overlay elementor-widget elementor-widget-button\" data-id=\"e4ed9bb\" data-element_type=\"widget\" data-e-type=\"widget\" data-widget_type=\"button.default\">\n\t\t\t\t\t\t\t\t\t\t<a class=\"elementor-button elementor-button-link elementor-size-sm\" href=\"#\">\n\t\t\t\t\t\t<span class=\"elementor-button-content-wrapper\">\n\t\t\t\t\t\t<span class=\"elementor-button-icon\">\n\t\t\t\t<svg aria-hidden=\"true\" class=\"e-font-icon-svg e-fas-arrow-right\" viewBox=\"0 0 448 512\" xmlns=\"http:\/\/www.w3.org\/2000\/svg\"><path d=\"M190.5 66.9l22.2-22.2c9.4-9.4 24.6-9.4 33.9 0L441 239c9.4 9.4 9.4 24.6 0 33.9L246.6 467.3c-9.4 9.4-24.6 9.4-33.9 0l-22.2-22.2c-9.5-9.5-9.3-25 .4-34.3L311.4 296H24c-13.3 0-24-10.7-24-24v-32c0-13.3 10.7-24 24-24h287.4L190.9 101.2c-9.8-9.3-10-24.8-.4-34.3z\"><\/path><\/svg>\t\t\t<\/span>\n\t\t\t\t\t\t\t\t\t<span class=\"elementor-button-text\">Escuchar entrevista<\/span>\n\t\t\t\t\t<\/span>\n\t\t\t\t\t<\/a>\n\t\t\t\t\t\t\t\t<\/div>\n\t\t\t\t<\/div>\n\t\t\t\t<\/div>\n\t\t\t\t<\/div>\n\t\t\t\t<\/div>\n\t\t<div class=\"elementor-element elementor-element-2fd8494 e-con-full e-flex e-con e-child\" data-id=\"2fd8494\" data-element_type=\"container\" data-e-type=\"container\" data-settings=\"{&quot;_ha_eqh_enable&quot;:false}\">\n\t\t\t\t<div class=\"elementor-element elementor-element-faa0658 elementor-widget elementor-widget-heading\" data-id=\"faa0658\" data-element_type=\"widget\" data-e-type=\"widget\" data-widget_type=\"heading.default\">\n\t\t\t\t\t<h2 class=\"elementor-heading-title elementor-size-default\">M\u00e1s especialistas<\/h2>\t\t\t\t<\/div>\n\t\t<div class=\"elementor-element elementor-element-bb946c3 e-con-full e-flex e-con e-child\" data-id=\"bb946c3\" data-element_type=\"container\" data-e-type=\"container\" data-settings=\"{&quot;_ha_eqh_enable&quot;:false}\">\n\t\t<div class=\"elementor-element elementor-element-77798c4 e-flex e-con-boxed e-con e-child\" data-id=\"77798c4\" data-element_type=\"container\" data-e-type=\"container\" data-settings=\"{&quot;_ha_eqh_enable&quot;:false}\">\n\t\t\t\t\t<div class=\"e-con-inner\">\n\t\t\t\t<div class=\"elementor-element elementor-element-87a74f8 elementor-widget__width-initial elementor-widget elementor-widget-image\" data-id=\"87a74f8\" data-element_type=\"widget\" data-e-type=\"widget\" data-widget_type=\"image.default\">\n\t\t\t\t\t\t\t\t\t\t\t\t\t\t\t<img loading=\"lazy\" decoding=\"async\" width=\"683\" height=\"1024\" src=\"https:\/\/muselab.digital\/laura-maria\/wp-content\/uploads\/2026\/03\/sofica-vanesa-683x1024.jpeg\" class=\"attachment-large size-large wp-image-964\" alt=\"\" srcset=\"https:\/\/muselab.digital\/laura-maria\/wp-content\/uploads\/2026\/03\/sofica-vanesa-683x1024.jpeg 683w, https:\/\/muselab.digital\/laura-maria\/wp-content\/uploads\/2026\/03\/sofica-vanesa-200x300.jpeg 200w, https:\/\/muselab.digital\/laura-maria\/wp-content\/uploads\/2026\/03\/sofica-vanesa-768x1152.jpeg 768w, https:\/\/muselab.digital\/laura-maria\/wp-content\/uploads\/2026\/03\/sofica-vanesa.jpeg 1000w\" sizes=\"(max-width: 683px) 100vw, 683px\" \/>\t\t\t\t\t\t\t\t\t\t\t\t\t\t\t<\/div>\n\t\t<div class=\"elementor-element elementor-element-ecb75a6 e-con-full e-flex e-con e-child\" data-id=\"ecb75a6\" data-element_type=\"container\" data-e-type=\"container\" data-settings=\"{&quot;_ha_eqh_enable&quot;:false}\">\n\t\t\t\t<div class=\"elementor-element elementor-element-a6d1a7c elementor-widget elementor-widget-text-editor\" data-id=\"a6d1a7c\" data-element_type=\"widget\" data-e-type=\"widget\" data-widget_type=\"text-editor.default\">\n\t\t\t\t\t\t\t\t\t<p><b>Sof\u00eda Vanesa Silva Medina &#8211; <\/b>Psic\u00f3loga cl\u00ednica<\/p>\t\t\t\t\t\t\t\t<\/div>\n\t\t\t\t<div class=\"elementor-element elementor-element-f239b69 ha-has-bg-overlay elementor-widget elementor-widget-button\" data-id=\"f239b69\" data-element_type=\"widget\" data-e-type=\"widget\" data-widget_type=\"button.default\">\n\t\t\t\t\t\t\t\t\t\t<a class=\"elementor-button elementor-button-link elementor-size-sm\" href=\"https:\/\/muselab.digital\/laura-maria\/conocenos\/dra-sofia-vanesa-silva-medina\/\">\n\t\t\t\t\t\t<span class=\"elementor-button-content-wrapper\">\n\t\t\t\t\t\t<span class=\"elementor-button-icon\">\n\t\t\t\t<svg aria-hidden=\"true\" class=\"e-font-icon-svg e-fas-arrow-right\" viewBox=\"0 0 448 512\" xmlns=\"http:\/\/www.w3.org\/2000\/svg\"><path d=\"M190.5 66.9l22.2-22.2c9.4-9.4 24.6-9.4 33.9 0L441 239c9.4 9.4 9.4 24.6 0 33.9L246.6 467.3c-9.4 9.4-24.6 9.4-33.9 0l-22.2-22.2c-9.5-9.5-9.3-25 .4-34.3L311.4 296H24c-13.3 0-24-10.7-24-24v-32c0-13.3 10.7-24 24-24h287.4L190.9 101.2c-9.8-9.3-10-24.8-.4-34.3z\"><\/path><\/svg>\t\t\t<\/span>\n\t\t\t\t\t\t\t\t\t<span class=\"elementor-button-text\">Saber m\u00e1s<\/span>\n\t\t\t\t\t<\/span>\n\t\t\t\t\t<\/a>\n\t\t\t\t\t\t\t\t<\/div>\n\t\t\t\t<\/div>\n\t\t\t\t\t<\/div>\n\t\t\t\t<\/div>\n\t\t<div class=\"elementor-element elementor-element-003744e e-con-full e-flex e-con e-child\" data-id=\"003744e\" data-element_type=\"container\" data-e-type=\"container\" data-settings=\"{&quot;_ha_eqh_enable&quot;:false}\">\n\t\t\t\t<div class=\"elementor-element elementor-element-e66aa2e elementor-widget__width-initial elementor-widget elementor-widget-image\" data-id=\"e66aa2e\" data-element_type=\"widget\" data-e-type=\"widget\" data-widget_type=\"image.default\">\n\t\t\t\t\t\t\t\t\t\t\t\t\t\t\t<img loading=\"lazy\" decoding=\"async\" width=\"683\" height=\"1024\" src=\"https:\/\/muselab.digital\/laura-maria\/wp-content\/uploads\/2026\/03\/MG_9869-683x1024.jpg\" class=\"attachment-large size-large wp-image-940\" alt=\"\" srcset=\"https:\/\/muselab.digital\/laura-maria\/wp-content\/uploads\/2026\/03\/MG_9869-683x1024.jpg 683w, https:\/\/muselab.digital\/laura-maria\/wp-content\/uploads\/2026\/03\/MG_9869-200x300.jpg 200w, https:\/\/muselab.digital\/laura-maria\/wp-content\/uploads\/2026\/03\/MG_9869-768x1152.jpg 768w, https:\/\/muselab.digital\/laura-maria\/wp-content\/uploads\/2026\/03\/MG_9869-1024x1536.jpg 1024w, https:\/\/muselab.digital\/laura-maria\/wp-content\/uploads\/2026\/03\/MG_9869-1365x2048.jpg 1365w, https:\/\/muselab.digital\/laura-maria\/wp-content\/uploads\/2026\/03\/MG_9869-scaled.jpg 1707w\" sizes=\"(max-width: 683px) 100vw, 683px\" \/>\t\t\t\t\t\t\t\t\t\t\t\t\t\t\t<\/div>\n\t\t<div class=\"elementor-element elementor-element-7b735e2 e-con-full e-flex e-con e-child\" data-id=\"7b735e2\" data-element_type=\"container\" data-e-type=\"container\" data-settings=\"{&quot;_ha_eqh_enable&quot;:false}\">\n\t\t\t\t<div class=\"elementor-element elementor-element-06fbe23 elementor-widget elementor-widget-text-editor\" data-id=\"06fbe23\" data-element_type=\"widget\" data-e-type=\"widget\" data-widget_type=\"text-editor.default\">\n\t\t\t\t\t\t\t\t\t<p><b>Olga Yepes &#8211; <\/b>Psic\u00f3loga<\/p>\t\t\t\t\t\t\t\t<\/div>\n\t\t\t\t<div class=\"elementor-element elementor-element-a5447ab ha-has-bg-overlay elementor-widget elementor-widget-button\" data-id=\"a5447ab\" data-element_type=\"widget\" data-e-type=\"widget\" data-widget_type=\"button.default\">\n\t\t\t\t\t\t\t\t\t\t<a class=\"elementor-button elementor-button-link elementor-size-sm\" href=\"https:\/\/muselab.digital\/laura-maria\/olga-yepes\/\">\n\t\t\t\t\t\t<span class=\"elementor-button-content-wrapper\">\n\t\t\t\t\t\t<span class=\"elementor-button-icon\">\n\t\t\t\t<svg aria-hidden=\"true\" class=\"e-font-icon-svg e-fas-arrow-right\" viewBox=\"0 0 448 512\" xmlns=\"http:\/\/www.w3.org\/2000\/svg\"><path d=\"M190.5 66.9l22.2-22.2c9.4-9.4 24.6-9.4 33.9 0L441 239c9.4 9.4 9.4 24.6 0 33.9L246.6 467.3c-9.4 9.4-24.6 9.4-33.9 0l-22.2-22.2c-9.5-9.5-9.3-25 .4-34.3L311.4 296H24c-13.3 0-24-10.7-24-24v-32c0-13.3 10.7-24 24-24h287.4L190.9 101.2c-9.8-9.3-10-24.8-.4-34.3z\"><\/path><\/svg>\t\t\t<\/span>\n\t\t\t\t\t\t\t\t\t<span class=\"elementor-button-text\">Saber m\u00e1s<\/span>\n\t\t\t\t\t<\/span>\n\t\t\t\t\t<\/a>\n\t\t\t\t\t\t\t\t<\/div>\n\t\t\t\t<\/div>\n\t\t\t\t<\/div>\n\t\t\t\t<\/div>\n\t\t\t\t<\/div>\n\t\t\t\t\t<\/div>\n\t\t\t\t<\/div>\n\t\t\t\t<\/div>\n\t\t","protected":false},"excerpt":{"rendered":"<p>Dra. Laura Mar\u00eda Ram\u00edrez N\u00fa\u00f1ez Directora y fundadora Psic\u00f3loga clinica especialista, mag\u00edster y doctoranda, experta en independencia emocional y v\u00ednculos afectivos sanos. Con formaci\u00f3n en acompa\u00f1amiento terap\u00e9utico online y amplia experiencia en el desarrollo de programas de bienestar y prevenci\u00f3n para adultos j\u00f3venes y familias. Su labor profesional se centra en promover la autonom\u00eda personal, [&hellip;]<\/p>\n","protected":false},"author":1,"featured_media":0,"parent":282,"menu_order":0,"comment_status":"closed","ping_status":"closed","template":"","meta":{"_joinchat":[],"footnotes":""},"class_list":["post-577","page","type-page","status-publish","hentry"],"_links":{"self":[{"href":"https:\/\/muselab.digital\/laura-maria\/wp-json\/wp\/v2\/pages\/577","targetHints":{"allow":["GET"]}}],"collection":[{"href":"https:\/\/muselab.digital\/laura-maria\/wp-json\/wp\/v2\/pages"}],"about":[{"href":"https:\/\/muselab.digital\/laura-maria\/wp-json\/wp\/v2\/types\/page"}],"author":[{"embeddable":true,"href":"https:\/\/muselab.digital\/laura-maria\/wp-json\/wp\/v2\/users\/1"}],"replies":[{"embeddable":true,"href":"https:\/\/muselab.digital\/laura-maria\/wp-json\/wp\/v2\/comments?post=577"}],"version-history":[{"count":113,"href":"https:\/\/muselab.digital\/laura-maria\/wp-json\/wp\/v2\/pages\/577\/revisions"}],"predecessor-version":[{"id":1016,"href":"https:\/\/muselab.digital\/laura-maria\/wp-json\/wp\/v2\/pages\/577\/revisions\/1016"}],"up":[{"embeddable":true,"href":"https:\/\/muselab.digital\/laura-maria\/wp-json\/wp\/v2\/pages\/282"}],"wp:attachment":[{"href":"https:\/\/muselab.digital\/laura-maria\/wp-json\/wp\/v2\/media?parent=577"}],"curies":[{"name":"wp","href":"https:\/\/api.w.org\/{rel}","templated":true}]}}